{"id":24,"date":"2025-02-11T11:14:58","date_gmt":"2025-02-11T11:14:58","guid":{"rendered":"https:\/\/bucuria-ev.de\/?page_id=24"},"modified":"2025-09-26T07:45:13","modified_gmt":"2025-09-26T07:45:13","slug":"home","status":"publish","type":"page","link":"https:\/\/bucuria-ev.de\/de\/","title":{"rendered":"HOME"},"content":{"rendered":"<div data-elementor-type=\"wp-page\" data-elementor-id=\"24\" class=\"elementor elementor-24\">\n\t\t\t\t<div class=\"elementor-element elementor-element-938cb77 e-flex e-con-boxed e-con e-parent\" data-id=\"938cb77\" data-element_type=\"container\">\n\t\t\t\t\t<div class=\"e-con-inner\">\n\t\t\t\t<div class=\"elementor-element elementor-element-a4a46ac elementor-widget elementor-widget-image\" data-id=\"a4a46ac\" data-element_type=\"widget\" data-widget_type=\"image.default\">\n\t\t\t\t<div class=\"elementor-widget-container\">\n\t\t\t\t\t\t\t\t\t\t\t\t\t\t\t<img fetchpriority=\"high\" decoding=\"async\" width=\"1024\" height=\"768\" src=\"https:\/\/bucuria-ev.de\/wp-content\/uploads\/2025\/02\/WhatsApp-Image-2025-02-10-at-7.02.06-PM-1024x768.jpeg\" class=\"attachment-large size-large wp-image-39\" alt=\"\" srcset=\"https:\/\/bucuria-ev.de\/wp-content\/uploads\/2025\/02\/WhatsApp-Image-2025-02-10-at-7.02.06-PM-1024x768.jpeg 1024w, https:\/\/bucuria-ev.de\/wp-content\/uploads\/2025\/02\/WhatsApp-Image-2025-02-10-at-7.02.06-PM-300x225.jpeg 300w, https:\/\/bucuria-ev.de\/wp-content\/uploads\/2025\/02\/WhatsApp-Image-2025-02-10-at-7.02.06-PM-768x576.jpeg 768w, https:\/\/bucuria-ev.de\/wp-content\/uploads\/2025\/02\/WhatsApp-Image-2025-02-10-at-7.02.06-PM-1536x1152.jpeg 1536w, https:\/\/bucuria-ev.de\/wp-content\/uploads\/2025\/02\/WhatsApp-Image-2025-02-10-at-7.02.06-PM.jpeg 1600w\" sizes=\"(max-width: 1024px) 100vw, 1024px\" \/>\t\t\t\t\t\t\t\t\t\t\t\t\t\t\t<\/div>\n\t\t\t\t<\/div>\n\t\t\t\t\t<\/div>\n\t\t\t\t<\/div>\n\t\t<div class=\"elementor-element elementor-element-39ed66a e-flex e-con-boxed e-con e-parent\" data-id=\"39ed66a\" data-element_type=\"container\">\n\t\t\t\t\t<div class=\"e-con-inner\">\n\t\t\t\t<div class=\"elementor-element elementor-element-63e3c79 elementor-widget elementor-widget-text-editor\" data-id=\"63e3c79\" data-element_type=\"widget\" data-widget_type=\"text-editor.default\">\n\t\t\t\t<div class=\"elementor-widget-container\">\n\t\t\t\t\t\t\t\t\t<p><span style=\"color: #000000;\">Der Verein Bucuria e.V. wurde aus dem Wunsch heraus gegr\u00fcndet, die rum\u00e4nische Gemeinschaft in M\u00fcnster und Umgebung zusammenzubringen und einen Raum f\u00fcr Unterst\u00fctzung, soziale Interaktion und kulturelle Entwicklung zu bieten. Unser Ziel ist es, die rum\u00e4nische Kultur und Werte zu f\u00f6rdern, die Integration in die deutsche Gesellschaft zu erleichtern und Br\u00fccken zwischen der rum\u00e4nischen und der deutschen Gemeinschaft zu schaffen.<\/span><\/p><p><span style=\"color: #000000;\">Beginnend mit den ersten organisierten Initiativen im Jahr 2023 haben wir festgestellt, wie gro\u00df das Bed\u00fcrfnis nach Verbindung und gegenseitiger Unterst\u00fctzung ist. Von sozialen Veranstaltungen und Gemeinschaftstreffen bis hin zu Bildungs- und Kulturprojekten haben wir es uns zum Ziel gesetzt, eine zentrale Anlaufstelle f\u00fcr Rum\u00e4nen in M\u00fcnsterland zu sein. Mit der Hilfe einer engagierten Gruppe von Menschen haben wir diese Idee in eine offizielle Organisation verwandelt, die im Dezember 2024 rechtlich als **eingetragener Verein** anerkannt wurde.<\/span><\/p><p><span style=\"color: #000000;\">Im Jahr 2023 legte eine Gruppe engagierter Frauen den Grundstein f\u00fcr ein Gemeinschaftsprojekt, das zu diesem Zeitpunkt weder einen Namen noch eine klare Richtung hatte. Im Laufe des Jahres, mit zahlreichen Ver\u00e4nderungen im Team und in der Organisationsstruktur, nahmen die Ziele und Werte des Vereins Gestalt an, und das Team festigte sich. So wurden die Gr\u00fcndungsmitglieder zusammengebracht, die die offizielle Gr\u00fcndung von **Bucuria e.V.** erm\u00f6glichten: **Angelica Supler, Alina Stroie, Ariadna Bicajanu, Laura Halmagi, Monica Balazs, Medina Oprea, Ramona Raicea und Irina Ursachi.**<\/span><\/p>\t\t\t\t\t\t\t\t<\/div>\n\t\t\t\t<\/div>\n\t\t\t\t\t<\/div>\n\t\t\t\t<\/div>\n\t\t<div class=\"elementor-element elementor-element-9ce6b4d e-flex e-con-boxed e-con e-parent\" data-id=\"9ce6b4d\" data-element_type=\"container\">\n\t\t\t\t\t<div class=\"e-con-inner\">\n\t\t\t\t<div class=\"elementor-element elementor-element-17ae7ad gallery-spacing-custom elementor-widget elementor-widget-image-gallery\" data-id=\"17ae7ad\" data-element_type=\"widget\" data-widget_type=\"image-gallery.default\">\n\t\t\t\t<div class=\"elementor-widget-container\">\n\t\t\t\t\t\t\t<div class=\"elementor-image-gallery\">\n\t\t\t<div id='gallery-1' class='gallery galleryid-24 gallery-columns-4 gallery-size-thumbnail'><figure class='gallery-item'>\n\t\t\t<div class='gallery-icon landscape'>\n\t\t\t\t<a data-elementor-open-lightbox=\"yes\" data-elementor-lightbox-slideshow=\"17ae7ad\" data-elementor-lightbox-title=\"WhatsApp Image 2025-09-25 at 22.58.18_0984dad3\" data-e-action-hash=\"#elementor-action%3Aaction%3Dlightbox%26settings%3DeyJpZCI6NDgsInVybCI6Imh0dHBzOlwvXC9idWN1cmlhLWV2LmRlXC93cC1jb250ZW50XC91cGxvYWRzXC8yMDI1XC8wOVwvV2hhdHNBcHAtSW1hZ2UtMjAyNS0wOS0yNS1hdC0yMi41OC4xOF8wOTg0ZGFkMy5qcGciLCJzbGlkZXNob3ciOiIxN2FlN2FkIn0%3D\" href='https:\/\/bucuria-ev.de\/wp-content\/uploads\/2025\/09\/WhatsApp-Image-2025-09-25-at-22.58.18_0984dad3.jpg'><img decoding=\"async\" width=\"150\" height=\"150\" src=\"https:\/\/bucuria-ev.de\/wp-content\/uploads\/2025\/09\/WhatsApp-Image-2025-09-25-at-22.58.18_0984dad3-150x150.jpg\" class=\"attachment-thumbnail size-thumbnail\" alt=\"\" \/><\/a>\n\t\t\t<\/div><\/figure><figure class='gallery-item'>\n\t\t\t<div class='gallery-icon landscape'>\n\t\t\t\t<a data-elementor-open-lightbox=\"yes\" data-elementor-lightbox-slideshow=\"17ae7ad\" data-elementor-lightbox-title=\"WhatsApp Image 2025-09-25 at 22.58.18_110539ab\" data-e-action-hash=\"#elementor-action%3Aaction%3Dlightbox%26settings%3DeyJpZCI6NDksInVybCI6Imh0dHBzOlwvXC9idWN1cmlhLWV2LmRlXC93cC1jb250ZW50XC91cGxvYWRzXC8yMDI1XC8wOVwvV2hhdHNBcHAtSW1hZ2UtMjAyNS0wOS0yNS1hdC0yMi41OC4xOF8xMTA1MzlhYi5qcGciLCJzbGlkZXNob3ciOiIxN2FlN2FkIn0%3D\" href='https:\/\/bucuria-ev.de\/wp-content\/uploads\/2025\/09\/WhatsApp-Image-2025-09-25-at-22.58.18_110539ab.jpg'><img decoding=\"async\" width=\"150\" height=\"150\" src=\"https:\/\/bucuria-ev.de\/wp-content\/uploads\/2025\/09\/WhatsApp-Image-2025-09-25-at-22.58.18_110539ab-150x150.jpg\" class=\"attachment-thumbnail size-thumbnail\" alt=\"\" \/><\/a>\n\t\t\t<\/div><\/figure><figure class='gallery-item'>\n\t\t\t<div class='gallery-icon landscape'>\n\t\t\t\t<a data-elementor-open-lightbox=\"yes\" data-elementor-lightbox-slideshow=\"17ae7ad\" data-elementor-lightbox-title=\"WhatsApp Image 2025-09-25 at 22.58.18_e5b8848c\" data-e-action-hash=\"#elementor-action%3Aaction%3Dlightbox%26settings%3DeyJpZCI6NTAsInVybCI6Imh0dHBzOlwvXC9idWN1cmlhLWV2LmRlXC93cC1jb250ZW50XC91cGxvYWRzXC8yMDI1XC8wOVwvV2hhdHNBcHAtSW1hZ2UtMjAyNS0wOS0yNS1hdC0yMi41OC4xOF9lNWI4ODQ4Yy5qcGciLCJzbGlkZXNob3ciOiIxN2FlN2FkIn0%3D\" href='https:\/\/bucuria-ev.de\/wp-content\/uploads\/2025\/09\/WhatsApp-Image-2025-09-25-at-22.58.18_e5b8848c.jpg'><img loading=\"lazy\" decoding=\"async\" width=\"150\" height=\"150\" src=\"https:\/\/bucuria-ev.de\/wp-content\/uploads\/2025\/09\/WhatsApp-Image-2025-09-25-at-22.58.18_e5b8848c-150x150.jpg\" class=\"attachment-thumbnail size-thumbnail\" alt=\"\" \/><\/a>\n\t\t\t<\/div><\/figure><figure class='gallery-item'>\n\t\t\t<div class='gallery-icon landscape'>\n\t\t\t\t<a data-elementor-open-lightbox=\"yes\" data-elementor-lightbox-slideshow=\"17ae7ad\" data-elementor-lightbox-title=\"WhatsApp Image 2025-09-25 at 22.58.19_0a0cc154\" data-e-action-hash=\"#elementor-action%3Aaction%3Dlightbox%26settings%3DeyJpZCI6NTEsInVybCI6Imh0dHBzOlwvXC9idWN1cmlhLWV2LmRlXC93cC1jb250ZW50XC91cGxvYWRzXC8yMDI1XC8wOVwvV2hhdHNBcHAtSW1hZ2UtMjAyNS0wOS0yNS1hdC0yMi41OC4xOV8wYTBjYzE1NC5qcGciLCJzbGlkZXNob3ciOiIxN2FlN2FkIn0%3D\" href='https:\/\/bucuria-ev.de\/wp-content\/uploads\/2025\/09\/WhatsApp-Image-2025-09-25-at-22.58.19_0a0cc154.jpg'><img loading=\"lazy\" decoding=\"async\" width=\"150\" height=\"150\" src=\"https:\/\/bucuria-ev.de\/wp-content\/uploads\/2025\/09\/WhatsApp-Image-2025-09-25-at-22.58.19_0a0cc154-150x150.jpg\" class=\"attachment-thumbnail size-thumbnail\" alt=\"\" \/><\/a>\n\t\t\t<\/div><\/figure><figure class='gallery-item'>\n\t\t\t<div class='gallery-icon portrait'>\n\t\t\t\t<a data-elementor-open-lightbox=\"yes\" data-elementor-lightbox-slideshow=\"17ae7ad\" data-elementor-lightbox-title=\"WhatsApp Image 2025-09-25 at 22.58.19_033c6cb5\" data-e-action-hash=\"#elementor-action%3Aaction%3Dlightbox%26settings%3DeyJpZCI6NTIsInVybCI6Imh0dHBzOlwvXC9idWN1cmlhLWV2LmRlXC93cC1jb250ZW50XC91cGxvYWRzXC8yMDI1XC8wOVwvV2hhdHNBcHAtSW1hZ2UtMjAyNS0wOS0yNS1hdC0yMi41OC4xOV8wMzNjNmNiNS5qcGciLCJzbGlkZXNob3ciOiIxN2FlN2FkIn0%3D\" href='https:\/\/bucuria-ev.de\/wp-content\/uploads\/2025\/09\/WhatsApp-Image-2025-09-25-at-22.58.19_033c6cb5.jpg'><img loading=\"lazy\" decoding=\"async\" width=\"150\" height=\"150\" src=\"https:\/\/bucuria-ev.de\/wp-content\/uploads\/2025\/09\/WhatsApp-Image-2025-09-25-at-22.58.19_033c6cb5-150x150.jpg\" class=\"attachment-thumbnail size-thumbnail\" alt=\"\" \/><\/a>\n\t\t\t<\/div><\/figure><figure class='gallery-item'>\n\t\t\t<div class='gallery-icon landscape'>\n\t\t\t\t<a data-elementor-open-lightbox=\"yes\" data-elementor-lightbox-slideshow=\"17ae7ad\" data-elementor-lightbox-title=\"WhatsApp Image 2025-09-25 at 22.58.19_1620dfd1\" data-e-action-hash=\"#elementor-action%3Aaction%3Dlightbox%26settings%3DeyJpZCI6NTMsInVybCI6Imh0dHBzOlwvXC9idWN1cmlhLWV2LmRlXC93cC1jb250ZW50XC91cGxvYWRzXC8yMDI1XC8wOVwvV2hhdHNBcHAtSW1hZ2UtMjAyNS0wOS0yNS1hdC0yMi41OC4xOV8xNjIwZGZkMS5qcGciLCJzbGlkZXNob3ciOiIxN2FlN2FkIn0%3D\" href='https:\/\/bucuria-ev.de\/wp-content\/uploads\/2025\/09\/WhatsApp-Image-2025-09-25-at-22.58.19_1620dfd1.jpg'><img loading=\"lazy\" decoding=\"async\" width=\"150\" height=\"150\" src=\"https:\/\/bucuria-ev.de\/wp-content\/uploads\/2025\/09\/WhatsApp-Image-2025-09-25-at-22.58.19_1620dfd1-150x150.jpg\" class=\"attachment-thumbnail size-thumbnail\" alt=\"\" \/><\/a>\n\t\t\t<\/div><\/figure><figure class='gallery-item'>\n\t\t\t<div class='gallery-icon landscape'>\n\t\t\t\t<a data-elementor-open-lightbox=\"yes\" data-elementor-lightbox-slideshow=\"17ae7ad\" data-elementor-lightbox-title=\"WhatsApp Image 2025-09-25 at 22.58.19_206652a9\" data-e-action-hash=\"#elementor-action%3Aaction%3Dlightbox%26settings%3DeyJpZCI6NTQsInVybCI6Imh0dHBzOlwvXC9idWN1cmlhLWV2LmRlXC93cC1jb250ZW50XC91cGxvYWRzXC8yMDI1XC8wOVwvV2hhdHNBcHAtSW1hZ2UtMjAyNS0wOS0yNS1hdC0yMi41OC4xOV8yMDY2NTJhOS5qcGciLCJzbGlkZXNob3ciOiIxN2FlN2FkIn0%3D\" href='https:\/\/bucuria-ev.de\/wp-content\/uploads\/2025\/09\/WhatsApp-Image-2025-09-25-at-22.58.19_206652a9.jpg'><img loading=\"lazy\" decoding=\"async\" width=\"150\" height=\"150\" src=\"https:\/\/bucuria-ev.de\/wp-content\/uploads\/2025\/09\/WhatsApp-Image-2025-09-25-at-22.58.19_206652a9-150x150.jpg\" class=\"attachment-thumbnail size-thumbnail\" alt=\"\" \/><\/a>\n\t\t\t<\/div><\/figure><figure class='gallery-item'>\n\t\t\t<div class='gallery-icon landscape'>\n\t\t\t\t<a data-elementor-open-lightbox=\"yes\" data-elementor-lightbox-slideshow=\"17ae7ad\" data-elementor-lightbox-title=\"WhatsApp Image 2025-09-25 at 22.58.19_23338740\" data-e-action-hash=\"#elementor-action%3Aaction%3Dlightbox%26settings%3DeyJpZCI6NTUsInVybCI6Imh0dHBzOlwvXC9idWN1cmlhLWV2LmRlXC93cC1jb250ZW50XC91cGxvYWRzXC8yMDI1XC8wOVwvV2hhdHNBcHAtSW1hZ2UtMjAyNS0wOS0yNS1hdC0yMi41OC4xOV8yMzMzODc0MC5qcGciLCJzbGlkZXNob3ciOiIxN2FlN2FkIn0%3D\" href='https:\/\/bucuria-ev.de\/wp-content\/uploads\/2025\/09\/WhatsApp-Image-2025-09-25-at-22.58.19_23338740.jpg'><img loading=\"lazy\" decoding=\"async\" width=\"150\" height=\"150\" src=\"https:\/\/bucuria-ev.de\/wp-content\/uploads\/2025\/09\/WhatsApp-Image-2025-09-25-at-22.58.19_23338740-150x150.jpg\" class=\"attachment-thumbnail size-thumbnail\" alt=\"\" \/><\/a>\n\t\t\t<\/div><\/figure>\n\t\t<\/div>\n\t\t<\/div>\n\t\t\t\t\t\t<\/div>\n\t\t\t\t<\/div>\n\t\t\t\t<div class=\"elementor-element elementor-element-e5172df elementor-widget elementor-widget-text-editor\" data-id=\"e5172df\" data-element_type=\"widget\" data-widget_type=\"text-editor.default\">\n\t\t\t\t<div class=\"elementor-widget-container\">\n\t\t\t\t\t\t\t\t\t<p>Noi suntem echipa din spatele Bucuria e.V. \ud83d\udc99\ud83d\udc9b\u2764<\/p><p>Totul a \u00eenceput simplu: \u00eent\u00e2lniri \u00eentre prietene \u2013 cu cafea, pove\u0219ti, cu inima plin\u0103 de dor de cas\u0103 \u0219i cu dorin\u021ba de a construi un loc al rom\u00e2nilor aici, \u00een M\u00fcnster.<\/p><p>A\u0219a s-a n\u0103scut Bucuria e.V. \ud83c\udf38<\/p><p>Suntem femei, prietene, mame, profesioniste \u2013 dar mai presus de toate, suntem comunitate.<\/p><p>\ud83d\udc49 Bucuria e.V. este pentru toat\u0103 lumea: femei, b\u0103rba\u021bi, copii, familii \u2013 pentru oricine crede \u00een dialog, \u00een cultur\u0103 \u0219i \u00een bucuria de a fi \u00eempreun\u0103.<\/p><p>De ce \u201eBucuria\u201d? Pentru c\u0103 asta ne dorim s\u0103 fie:<br \/>\ud83c\udf38 Bucuria de a fi \u00eempreun\u0103<br \/>\ud83c\udf38 Bucuria de a \u00eemp\u0103rt\u0103\u0219i tradi\u021bii<br \/>\ud83c\udf38 Bucuria de a aduce Rom\u00e2nia \u00een inima Germaniei<\/p><p>\ud83d\udc9b Bucuria e.V. = prima asocia\u021bie rom\u00e2neasc\u0103\u00a0din\u00a0M\u00fcnster.<\/p>\t\t\t\t\t\t\t\t<\/div>\n\t\t\t\t<\/div>\n\t\t\t\t\t<\/div>\n\t\t\t\t<\/div>\n\t\t<div class=\"elementor-element elementor-element-b880846 e-flex e-con-boxed e-con e-parent\" data-id=\"b880846\" data-element_type=\"container\">\n\t\t\t\t\t<div class=\"e-con-inner\">\n\t\t\t\t<div class=\"elementor-element elementor-element-60bd2f1 elementor-widget elementor-widget-text-editor\" data-id=\"60bd2f1\" data-element_type=\"widget\" data-widget_type=\"text-editor.default\">\n\t\t\t\t<div class=\"elementor-widget-container\">\n\t\t\t\t\t\t\t\t\t<h1>Lansarea oficial\u0103 a Asocia\u021biei BUCURIA e.V. \u2013 Comunitatea rom\u00e2neasc\u0103 din M\u00fcnster are propria sa voce!<\/h1>\n<p>Dragi prieteni,<\/p>\n<p>Avem o veste minunat\u0103: pe 10 octombrie 2025, ora 16:30, are loc lansarea oficial\u0103 a Asocia\u021biei BUCURIA e.V., prima organiza\u021bie rom\u00e2neasc\u0103 fondat\u0103 \u00een M\u00fcnster!<\/p>\n<p><img decoding=\"async\" draggable=\"false\" role=\"img\" class=\"emoji\" alt=\"\ud83d\udccd\" src=\"https:\/\/s.w.org\/images\/core\/emoji\/16.0.1\/svg\/1f4cd.svg\"> Loca\u021bie: Schneidem\u00fchlerstr. 23, 48157 M\u00fcnster<\/p>\n<p>Aceast\u0103 zi marcheaz\u0103 un moment important pentru comunitatea noastr\u0103 \u2013 un pas pe care vrem s\u0103 \u00eel facem \u00eempreun\u0103 cu voi, cei care sim\u021bi\u021bi \u0219i tr\u0103i\u021bi rom\u00e2ne\u0219te, chiar \u0219i departe de cas\u0103.<\/p>\n<p><img decoding=\"async\" draggable=\"false\" role=\"img\" class=\"emoji\" alt=\"\u2728\" src=\"https:\/\/s.w.org\/images\/core\/emoji\/16.0.1\/svg\/2728.svg\"> Lansarea este doar \u00eenceputul. \u00cempreun\u0103, vom construi o comunitate mai unit\u0103 \u0219i mai vizibil\u0103 aici, la M\u00fcnster.<\/p>\n<p><img decoding=\"async\" draggable=\"false\" role=\"img\" class=\"emoji\" alt=\"\ud83d\udc49\" src=\"https:\/\/s.w.org\/images\/core\/emoji\/16.0.1\/svg\/1f449.svg\"> Pentru confirmarea particip\u0103rii:<br><img decoding=\"async\" draggable=\"false\" role=\"img\" class=\"emoji\" alt=\"\ud83d\udcde\" src=\"https:\/\/s.w.org\/images\/core\/emoji\/16.0.1\/svg\/1f4de.svg\"> 01516.602.2262<br><img decoding=\"async\" draggable=\"false\" role=\"img\" class=\"emoji\" alt=\"\ud83d\udce7\" src=\"https:\/\/s.w.org\/images\/core\/emoji\/16.0.1\/svg\/1f4e7.svg\"> bucuria.ev@gmail.com<\/p>\n<p>V\u0103 a\u0219tept\u0103m cu drag!<br>Echipa&nbsp;BUCURIA&nbsp;e.V.<\/p>\n<p>Programul int\u00e2lnirii:<br>16:30 &#8211; Primire si bucuria de a fi impreun\u0103<br>16:45 &#8211; Cuv\u00e2nt de deschidere: De ce BUCURIA e.V.?<br>17:00 &#8211; Valorile, misiunea si proiectele noastre viitoare<br>17:30 &#8211; Impart\u0103sim idei: comunitatea vorbeste, comunitatea contureaza<br>18:15<br>\u2014 Pauz\u00e3 de socializare cu gusturi rom\u00e2nesti<br>19:00 &#8211; Incheiem cu planuri clare pentru pasii&nbsp;ce&nbsp;urmeaza<\/p>\t\t\t\t\t\t\t\t<\/div>\n\t\t\t\t<\/div>\n\t\t\t\t\t<\/div>\n\t\t\t\t<\/div>\n\t\t<div class=\"elementor-element elementor-element-dfadf2f e-flex e-con-boxed e-con e-parent\" data-id=\"dfadf2f\" data-element_type=\"container\">\n\t\t\t\t\t<div class=\"e-con-inner\">\n\t\t\t\t<div class=\"elementor-element elementor-element-3c6121a elementor-widget elementor-widget-shortcode\" data-id=\"3c6121a\" data-element_type=\"widget\" data-widget_type=\"shortcode.default\">\n\t\t\t\t<div class=\"elementor-widget-container\">\n\t\t\t\t\t\t\t<div class=\"elementor-shortcode\">\n<div class=\"wpcf7 no-js\" id=\"wpcf7-f26-o1\" lang=\"en-US\" dir=\"ltr\" data-wpcf7-id=\"26\">\n<div class=\"screen-reader-response\"><p role=\"status\" aria-live=\"polite\" aria-atomic=\"true\"><\/p> <ul><\/ul><\/div>\n<form action=\"\/de\/wp-json\/wp\/v2\/pages\/24#wpcf7-f26-o1\" method=\"post\" class=\"wpcf7-form init\" aria-label=\"Contact form\" novalidate=\"novalidate\" data-status=\"init\" data-trp-original-action=\"\/de\/wp-json\/wp\/v2\/pages\/24#wpcf7-f26-o1\">\n<div style=\"display: none;\">\n<input type=\"hidden\" name=\"_wpcf7\" value=\"26\" \/>\n<input type=\"hidden\" name=\"_wpcf7_version\" value=\"6.0.3\" \/>\n<input type=\"hidden\" name=\"_wpcf7_locale\" value=\"en_US\" \/>\n<input type=\"hidden\" name=\"_wpcf7_unit_tag\" value=\"wpcf7-f26-o1\" \/>\n<input type=\"hidden\" name=\"_wpcf7_container_post\" value=\"0\" \/>\n<input type=\"hidden\" name=\"_wpcf7_posted_data_hash\" value=\"\" \/>\n<\/div>\n<p><label> Nume<br \/>\n<span class=\"wpcf7-form-control-wrap\" data-name=\"your-name\"><input size=\"40\" maxlength=\"400\" class=\"wpcf7-form-control wpcf7-text wpcf7-validates-as-required\" autocomplete=\"name\" aria-required=\"true\" aria-invalid=\"false\" value=\"\" type=\"text\" name=\"your-name\" \/><\/span> <\/label>\n<\/p>\n<p><label> Email<br \/>\n<span class=\"wpcf7-form-control-wrap\" data-name=\"your-email\"><input size=\"40\" maxlength=\"400\" class=\"wpcf7-form-control wpcf7-email wpcf7-validates-as-required wpcf7-text wpcf7-validates-as-email\" autocomplete=\"email\" aria-required=\"true\" aria-invalid=\"false\" value=\"\" type=\"email\" name=\"your-email\" \/><\/span> <\/label>\n<\/p>\n<p><label> Subiect \/ Betreff<br \/>\n<span class=\"wpcf7-form-control-wrap\" data-name=\"your-subject\"><input size=\"40\" maxlength=\"400\" class=\"wpcf7-form-control wpcf7-text wpcf7-validates-as-required\" aria-required=\"true\" aria-invalid=\"false\" value=\"\" type=\"text\" name=\"your-subject\" \/><\/span> <\/label>\n<\/p>\n<p><label> Mesaj \/ Nachricht<br \/>\n<span class=\"wpcf7-form-control-wrap\" data-name=\"your-message\"><textarea cols=\"40\" rows=\"10\" maxlength=\"2000\" class=\"wpcf7-form-control wpcf7-textarea\" aria-invalid=\"false\" name=\"your-message\"><\/textarea><\/span> <\/label>\n<\/p>\n<p><span class=\"wpcf7-form-control-wrap\" data-name=\"acceptance-850\"><span class=\"wpcf7-form-control wpcf7-acceptance\"><span class=\"wpcf7-list-item\"><label><input type=\"checkbox\" name=\"acceptance-850\" value=\"1\" aria-invalid=\"false\" \/><span class=\"wpcf7-list-item-label\">Sunt de acord cu stocarea \u0219i prelucrarea datelor mele cu caracter personal. \/ Ich stimme der Speicherung und Verarbeitung meiner personenbezogenen Daten zu.<\/span><\/label><\/span><\/span><\/span>\n<\/p>\n<p><input class=\"wpcf7-form-control wpcf7-submit has-spinner\" type=\"submit\" value=\"Trimite \/ Senden\" \/>\n<\/p><div class=\"wpcf7-response-output\" aria-hidden=\"true\"><\/div>\n<input type=\"hidden\" name=\"trp-form-language\" value=\"de\"\/><\/form>\n<\/div>\n<\/div>\n\t\t\t\t\t\t<\/div>\n\t\t\t\t<\/div>\n\t\t\t\t\t<\/div>\n\t\t\t\t<\/div>\n\t\t\t\t<\/div>","protected":false},"excerpt":{"rendered":"<p>Asocia\u021bia Bucuria e.V. s-a n\u0103scut din dorin\u021ba de a aduce \u00eempreun\u0103 comunitatea rom\u00e2neasc\u0103 din M\u00fcnster \u0219i \u00eemprejurimi, oferind un spa\u021biu [&hellip;]<\/p>","protected":false},"author":1,"featured_media":0,"parent":0,"menu_order":0,"comment_status":"closed","ping_status":"closed","template":"","meta":{"site-sidebar-layout":"no-sidebar","site-content-layout":"","ast-site-content-layout":"full-width-container","site-content-style":"default","site-sidebar-style":"default","ast-global-header-display":"","ast-banner-title-visibility":"","ast-main-header-display":"","ast-hfb-above-header-display":"","ast-hfb-below-header-display":"","ast-hfb-mobile-header-display":"","site-post-title":"disabled","ast-breadcrumbs-content":"","ast-featured-img":"disabled","footer-sml-layout":"","theme-transparent-header-meta":"","adv-header-id-meta":"","stick-header-meta":"","header-above-stick-meta":"","header-main-stick-meta":"","header-below-stick-meta":"","astra-migrate-meta-layouts":"default","ast-page-background-enabled":"default","ast-page-background-meta":{"desktop":{"background-color":"var(--ast-global-color-4)","background-image":"","background-repeat":"repeat","background-position":"center center","background-size":"auto","background-attachment":"scroll","background-type":"","background-media":"","overlay-type":"","overlay-color":"","overlay-opacity":"","overlay-gradient":""},"tablet":{"background-color":"","background-image":"","background-repeat":"repeat","background-position":"center center","background-size":"auto","background-attachment":"scroll","background-type":"","background-media":"","overlay-type":"","overlay-color":"","overlay-opacity":"","overlay-gradient":""},"mobile":{"background-color":"","background-image":"","background-repeat":"repeat","background-position":"center center","background-size":"auto","background-attachment":"scroll","background-type":"","background-media":"","overlay-type":"","overlay-color":"","overlay-opacity":"","overlay-gradient":""}},"ast-content-background-meta":{"desktop":{"background-color":"var(--ast-global-color-5)","background-image":"","background-repeat":"repeat","background-position":"center center","background-size":"auto","background-attachment":"scroll","background-type":"","background-media":"","overlay-type":"","overlay-color":"","overlay-opacity":"","overlay-gradient":""},"tablet":{"background-color":"var(--ast-global-color-5)","background-image":"","background-repeat":"repeat","background-position":"center center","background-size":"auto","background-attachment":"scroll","background-type":"","background-media":"","overlay-type":"","overlay-color":"","overlay-opacity":"","overlay-gradient":""},"mobile":{"background-color":"var(--ast-global-color-5)","background-image":"","background-repeat":"repeat","background-position":"center center","background-size":"auto","background-attachment":"scroll","background-type":"","background-media":"","overlay-type":"","overlay-color":"","overlay-opacity":"","overlay-gradient":""}},"footnotes":""},"class_list":["post-24","page","type-page","status-publish","hentry"],"_links":{"self":[{"href":"https:\/\/bucuria-ev.de\/de\/wp-json\/wp\/v2\/pages\/24","targetHints":{"allow":["GET"]}}],"collection":[{"href":"https:\/\/bucuria-ev.de\/de\/wp-json\/wp\/v2\/pages"}],"about":[{"href":"https:\/\/bucuria-ev.de\/de\/wp-json\/wp\/v2\/types\/page"}],"author":[{"embeddable":true,"href":"https:\/\/bucuria-ev.de\/de\/wp-json\/wp\/v2\/users\/1"}],"replies":[{"embeddable":true,"href":"https:\/\/bucuria-ev.de\/de\/wp-json\/wp\/v2\/comments?post=24"}],"version-history":[{"count":13,"href":"https:\/\/bucuria-ev.de\/de\/wp-json\/wp\/v2\/pages\/24\/revisions"}],"predecessor-version":[{"id":65,"href":"https:\/\/bucuria-ev.de\/de\/wp-json\/wp\/v2\/pages\/24\/revisions\/65"}],"wp:attachment":[{"href":"https:\/\/bucuria-ev.de\/de\/wp-json\/wp\/v2\/media?parent=24"}],"curies":[{"name":"wp","href":"https:\/\/api.w.org\/{rel}","templated":true}]}}